{"id":1621,"date":"2018-07-04T20:09:16","date_gmt":"2018-07-04T18:09:16","guid":{"rendered":"https:\/\/nuiton-beaunoy.fr\/nos-vins\/"},"modified":"2019-06-04T10:06:33","modified_gmt":"2019-06-04T08:06:33","slug":"nos-vins","status":"publish","type":"page","link":"https:\/\/nuiton-beaunoy.fr\/en\/nos-vins\/","title":{"rendered":"Our wines"},"content":{"rendered":"","protected":false},"excerpt":{"rendered":"<p> [&#8230;]<\/p>\n<p><a class=\"btn btn-secondary understrap-read-more-link\" href=\"https:\/\/nuiton-beaunoy.fr\/en\/nos-vins\/\">Read More&#8230;<span class=\"screen-reader-text\"> from Our wines<\/span><\/a><\/p>\n","protected":false},"author":3,"featured_media":0,"parent":0,"menu_order":0,"comment_status":"closed","ping_status":"closed","template":"page-liste-articles.php","meta":[],"acf":[],"yoast_head":"<!-- This site is optimized with the Yoast SEO plugin v20.6 - https:\/\/yoast.com\/wordpress\/plugins\/seo\/ -->\n<title>Our wines - Nuiton-Beaunoy - C\u00f4te de Beaune - C\u00f4te de Nuits<\/title>\n<meta name=\"description\" content=\"The clay-limestone soil on which Pinot Noir, Chardonnay and Aligot\u00e9 vines thrive produces fine wines with a floral and fruity bouquet.Previous\" \/>\n<meta name=\"robots\" content=\"index, follow, max-snippet:-1, max-image-preview:large, max-video-preview:-1\" \/>\n<link rel=\"canonical\" href=\"https:\/\/nuiton-beaunoy.fr\/en\/nos-vins\/\" \/>\n<meta property=\"og:locale\" content=\"en_US\" \/>\n<meta property=\"og:type\" content=\"article\" \/>\n<meta property=\"og:title\" content=\"Our wines - Nuiton-Beaunoy - C\u00f4te de Beaune - C\u00f4te de Nuits\" \/>\n<meta property=\"og:description\" content=\"The clay-limestone soil on which Pinot Noir, Chardonnay and Aligot\u00e9 vines thrive produces fine wines with a floral and fruity bouquet.Previous\" \/>\n<meta property=\"og:url\" content=\"https:\/\/nuiton-beaunoy.fr\/en\/nos-vins\/\" \/>\n<meta property=\"og:site_name\" content=\"Nuiton-Beaunoy\" \/>\n<meta property=\"article:publisher\" content=\"https:\/\/www.facebook.com\/NuitonBeaunoy\" \/>\n<meta property=\"article:modified_time\" content=\"2019-06-04T08:06:33+00:00\" \/>\n<meta name=\"twitter:card\" content=\"summary_large_image\" \/>\n<script type=\"application\/ld+json\" class=\"yoast-schema-graph\">{\"@context\":\"https:\/\/schema.org\",\"@graph\":[{\"@type\":\"WebPage\",\"@id\":\"https:\/\/nuiton-beaunoy.fr\/en\/nos-vins\/\",\"url\":\"https:\/\/nuiton-beaunoy.fr\/en\/nos-vins\/\",\"name\":\"Our wines - Nuiton-Beaunoy - C\u00f4te de Beaune - C\u00f4te de Nuits\",\"isPartOf\":{\"@id\":\"https:\/\/nuiton-beaunoy.fr\/#website\"},\"datePublished\":\"2018-07-04T18:09:16+00:00\",\"dateModified\":\"2019-06-04T08:06:33+00:00\",\"description\":\"The clay-limestone soil on which Pinot Noir, Chardonnay and Aligot\u00e9 vines thrive produces fine wines with a floral and fruity bouquet.Previous\",\"breadcrumb\":{\"@id\":\"https:\/\/nuiton-beaunoy.fr\/en\/nos-vins\/#breadcrumb\"},\"inLanguage\":\"en-US\",\"potentialAction\":[{\"@type\":\"ReadAction\",\"target\":[\"https:\/\/nuiton-beaunoy.fr\/en\/nos-vins\/\"]}]},{\"@type\":\"BreadcrumbList\",\"@id\":\"https:\/\/nuiton-beaunoy.fr\/en\/nos-vins\/#breadcrumb\",\"itemListElement\":[{\"@type\":\"ListItem\",\"position\":1,\"name\":\"Accueil\",\"item\":\"https:\/\/nuiton-beaunoy.fr\/en\/\"},{\"@type\":\"ListItem\",\"position\":2,\"name\":\"Our wines\"}]},{\"@type\":\"WebSite\",\"@id\":\"https:\/\/nuiton-beaunoy.fr\/#website\",\"url\":\"https:\/\/nuiton-beaunoy.fr\/\",\"name\":\"Nuiton-Beaunoy\",\"description\":\"\",\"publisher\":{\"@id\":\"https:\/\/nuiton-beaunoy.fr\/#organization\"},\"potentialAction\":[{\"@type\":\"SearchAction\",\"target\":{\"@type\":\"EntryPoint\",\"urlTemplate\":\"https:\/\/nuiton-beaunoy.fr\/?s={search_term_string}\"},\"query-input\":\"required name=search_term_string\"}],\"inLanguage\":\"en-US\"},{\"@type\":\"Organization\",\"@id\":\"https:\/\/nuiton-beaunoy.fr\/#organization\",\"name\":\"Nuiton-Beaunoy\",\"url\":\"https:\/\/nuiton-beaunoy.fr\/\",\"logo\":{\"@type\":\"ImageObject\",\"inLanguage\":\"en-US\",\"@id\":\"https:\/\/nuiton-beaunoy.fr\/#\/schema\/logo\/image\/\",\"url\":\"https:\/\/nuiton-beaunoy.fr\/wp-content\/uploads\/2021\/02\/logo-nuiton-beaunoy.png\",\"contentUrl\":\"https:\/\/nuiton-beaunoy.fr\/wp-content\/uploads\/2021\/02\/logo-nuiton-beaunoy.png\",\"width\":1330,\"height\":435,\"caption\":\"Nuiton-Beaunoy\"},\"image\":{\"@id\":\"https:\/\/nuiton-beaunoy.fr\/#\/schema\/logo\/image\/\"},\"sameAs\":[\"https:\/\/www.facebook.com\/NuitonBeaunoy\",\"https:\/\/www.instagram.com\/nuiton_beaunoy\/\",\"https:\/\/www.linkedin.com\/company\/nuiton-beaunoy-cave-des-hautes-c\u00f4tes\/\"]}]}<\/script>\n<!-- \/ Yoast SEO plugin. -->","yoast_head_json":{"title":"Our wines - Nuiton-Beaunoy - C\u00f4te de Beaune - C\u00f4te de Nuits","description":"The clay-limestone soil on which Pinot Noir, Chardonnay and Aligot\u00e9 vines thrive produces fine wines with a floral and fruity bouquet.Previous","robots":{"index":"index","follow":"follow","max-snippet":"max-snippet:-1","max-image-preview":"max-image-preview:large","max-video-preview":"max-video-preview:-1"},"canonical":"https:\/\/nuiton-beaunoy.fr\/en\/nos-vins\/","og_locale":"en_US","og_type":"article","og_title":"Our wines - Nuiton-Beaunoy - C\u00f4te de Beaune - C\u00f4te de Nuits","og_description":"The clay-limestone soil on which Pinot Noir, Chardonnay and Aligot\u00e9 vines thrive produces fine wines with a floral and fruity bouquet.Previous","og_url":"https:\/\/nuiton-beaunoy.fr\/en\/nos-vins\/","og_site_name":"Nuiton-Beaunoy","article_publisher":"https:\/\/www.facebook.com\/NuitonBeaunoy","article_modified_time":"2019-06-04T08:06:33+00:00","twitter_card":"summary_large_image","schema":{"@context":"https:\/\/schema.org","@graph":[{"@type":"WebPage","@id":"https:\/\/nuiton-beaunoy.fr\/en\/nos-vins\/","url":"https:\/\/nuiton-beaunoy.fr\/en\/nos-vins\/","name":"Our wines - Nuiton-Beaunoy - C\u00f4te de Beaune - C\u00f4te de Nuits","isPartOf":{"@id":"https:\/\/nuiton-beaunoy.fr\/#website"},"datePublished":"2018-07-04T18:09:16+00:00","dateModified":"2019-06-04T08:06:33+00:00","description":"The clay-limestone soil on which Pinot Noir, Chardonnay and Aligot\u00e9 vines thrive produces fine wines with a floral and fruity bouquet.Previous","breadcrumb":{"@id":"https:\/\/nuiton-beaunoy.fr\/en\/nos-vins\/#breadcrumb"},"inLanguage":"en-US","potentialAction":[{"@type":"ReadAction","target":["https:\/\/nuiton-beaunoy.fr\/en\/nos-vins\/"]}]},{"@type":"BreadcrumbList","@id":"https:\/\/nuiton-beaunoy.fr\/en\/nos-vins\/#breadcrumb","itemListElement":[{"@type":"ListItem","position":1,"name":"Accueil","item":"https:\/\/nuiton-beaunoy.fr\/en\/"},{"@type":"ListItem","position":2,"name":"Our wines"}]},{"@type":"WebSite","@id":"https:\/\/nuiton-beaunoy.fr\/#website","url":"https:\/\/nuiton-beaunoy.fr\/","name":"Nuiton-Beaunoy","description":"","publisher":{"@id":"https:\/\/nuiton-beaunoy.fr\/#organization"},"potentialAction":[{"@type":"SearchAction","target":{"@type":"EntryPoint","urlTemplate":"https:\/\/nuiton-beaunoy.fr\/?s={search_term_string}"},"query-input":"required name=search_term_string"}],"inLanguage":"en-US"},{"@type":"Organization","@id":"https:\/\/nuiton-beaunoy.fr\/#organization","name":"Nuiton-Beaunoy","url":"https:\/\/nuiton-beaunoy.fr\/","logo":{"@type":"ImageObject","inLanguage":"en-US","@id":"https:\/\/nuiton-beaunoy.fr\/#\/schema\/logo\/image\/","url":"https:\/\/nuiton-beaunoy.fr\/wp-content\/uploads\/2021\/02\/logo-nuiton-beaunoy.png","contentUrl":"https:\/\/nuiton-beaunoy.fr\/wp-content\/uploads\/2021\/02\/logo-nuiton-beaunoy.png","width":1330,"height":435,"caption":"Nuiton-Beaunoy"},"image":{"@id":"https:\/\/nuiton-beaunoy.fr\/#\/schema\/logo\/image\/"},"sameAs":["https:\/\/www.facebook.com\/NuitonBeaunoy","https:\/\/www.instagram.com\/nuiton_beaunoy\/","https:\/\/www.linkedin.com\/company\/nuiton-beaunoy-cave-des-hautes-c\u00f4tes\/"]}]}},"_links":{"self":[{"href":"https:\/\/nuiton-beaunoy.fr\/en\/wp-json\/wp\/v2\/pages\/1621"}],"collection":[{"href":"https:\/\/nuiton-beaunoy.fr\/en\/wp-json\/wp\/v2\/pages"}],"about":[{"href":"https:\/\/nuiton-beaunoy.fr\/en\/wp-json\/wp\/v2\/types\/page"}],"author":[{"embeddable":true,"href":"https:\/\/nuiton-beaunoy.fr\/en\/wp-json\/wp\/v2\/users\/3"}],"replies":[{"embeddable":true,"href":"https:\/\/nuiton-beaunoy.fr\/en\/wp-json\/wp\/v2\/comments?post=1621"}],"version-history":[{"count":0,"href":"https:\/\/nuiton-beaunoy.fr\/en\/wp-json\/wp\/v2\/pages\/1621\/revisions"}],"wp:attachment":[{"href":"https:\/\/nuiton-beaunoy.fr\/en\/wp-json\/wp\/v2\/media?parent=1621"}],"curies":[{"name":"wp","href":"https:\/\/api.w.org\/{rel}","templated":true}]}}