{"id":1627,"date":"2018-06-22T16:26:27","date_gmt":"2018-06-22T14:26:27","guid":{"rendered":"https:\/\/nuiton-beaunoy.fr\/nous-contacter\/"},"modified":"2025-11-05T16:42:29","modified_gmt":"2025-11-05T15:42:29","slug":"nous-contacter","status":"publish","type":"page","link":"https:\/\/nuiton-beaunoy.fr\/en\/nous-contacter\/","title":{"rendered":"Contact us"},"content":{"rendered":"<h2>Nuiton Beaunoy<\/h2>\n<p>Caves des Hautes C\u00f4tes<\/p>\n<p>Open Monday to Sunday from 9:30 to 12:30 and from 1:30 to 6:30.<br \/>\nIncluding Public Holidays.<\/p>\n<p>97 Route de Pommard<br \/>\n21200 Beaune<\/p>\n<p>Our wine cellar is located 2 km from the Beaune centre-Beaune Hospices motorway exit.<\/p>\n<p><a href=\"https:\/\/www.google.fr\/maps\/place\/97+Route+de+Pommard,+21200+Beaune\/@47.0134694,4.8135821,17z\/data=!3m1!4b1!4m5!3m4!1s0x47f2f498d7156751:0x19a14918e6385cbe!8m2!3d47.0134658!4d4.8157761\"><strong><u data-rich-text-format-boundary=\"true\">Location<\/u><\/strong><\/a><\/p>\n<p>Phone: (+33)3 80 25 01 03<br \/>\nFax: (+33)3 80 22 87 05<br \/>\nEmail: <a title=\"\" href=\"mailto:boutique@nuiton-beaunoy.fr\">boutique@nuiton-beaunoy.fr<\/a><\/p>\n","protected":false},"excerpt":{"rendered":"<p>Nuiton Beaunoy Caves des Hautes C\u00f4tes Open Monday to Sunday from 9:30 to 12:30 and from 1:30 to 6:30. Including Public Holidays. 97 Route de Pommard 21200 Beaune Our wine cellar is located 2 km from the Beaune centre-Beaune Hospices motorway exit. Location Phone: (+33)3 80 25 01 03 Fax: (+33)3 80 22 87 05 [&#8230;]<\/p>\n<p><a class=\"btn btn-secondary understrap-read-more-link\" href=\"https:\/\/nuiton-beaunoy.fr\/en\/nous-contacter\/\">Read More&#8230;<span class=\"screen-reader-text\"> from Contact us<\/span><\/a><\/p>\n","protected":false},"author":3,"featured_media":3152,"parent":0,"menu_order":0,"comment_status":"closed","ping_status":"closed","template":"page-nous-rencontrer.php","meta":[],"acf":[],"yoast_head":"<!-- This site is optimized with the Yoast SEO plugin v20.6 - https:\/\/yoast.com\/wordpress\/plugins\/seo\/ -->\n<title>Contact us - Nuiton-Beaunoy - C\u00f4te de Beaune - C\u00f4te de Nuits<\/title>\n<meta name=\"description\" content=\"Caves des Hautes-C\u00f4tes, 97 route de pommard - 21200 Beaune - Le caveau est situ\u00e9 \u00e0 2 km de la sortie d&#039;autoroute Beaune centre-Beaune Hospices.\" \/>\n<meta name=\"robots\" content=\"index, follow, max-snippet:-1, max-image-preview:large, max-video-preview:-1\" \/>\n<link rel=\"canonical\" href=\"https:\/\/nuiton-beaunoy.fr\/en\/nous-contacter\/\" \/>\n<meta property=\"og:locale\" content=\"en_US\" \/>\n<meta property=\"og:type\" content=\"article\" \/>\n<meta property=\"og:title\" content=\"Contact us - Nuiton-Beaunoy - C\u00f4te de Beaune - C\u00f4te de Nuits\" \/>\n<meta property=\"og:description\" content=\"Caves des Hautes-C\u00f4tes, 97 route de pommard - 21200 Beaune - Le caveau est situ\u00e9 \u00e0 2 km de la sortie d&#039;autoroute Beaune centre-Beaune Hospices.\" \/>\n<meta property=\"og:url\" content=\"https:\/\/nuiton-beaunoy.fr\/en\/nous-contacter\/\" \/>\n<meta property=\"og:site_name\" content=\"Nuiton-Beaunoy\" \/>\n<meta property=\"article:publisher\" content=\"https:\/\/www.facebook.com\/NuitonBeaunoy\" \/>\n<meta property=\"article:modified_time\" content=\"2025-11-05T15:42:29+00:00\" \/>\n<meta property=\"og:image\" content=\"https:\/\/nuiton-beaunoy.fr\/wp-content\/uploads\/2020\/11\/Contact-Le-Caveau-Nuiton-Beaunoy-9.jpg\" \/>\n\t<meta property=\"og:image:width\" content=\"686\" \/>\n\t<meta property=\"og:image:height\" content=\"458\" \/>\n\t<meta property=\"og:image:type\" content=\"image\/jpeg\" \/>\n<meta name=\"twitter:card\" content=\"summary_large_image\" \/>\n<meta name=\"twitter:label1\" content=\"Est. reading time\" \/>\n\t<meta name=\"twitter:data1\" content=\"1 minute\" \/>\n<script type=\"application\/ld+json\" class=\"yoast-schema-graph\">{\"@context\":\"https:\/\/schema.org\",\"@graph\":[{\"@type\":\"WebPage\",\"@id\":\"https:\/\/nuiton-beaunoy.fr\/en\/nous-contacter\/\",\"url\":\"https:\/\/nuiton-beaunoy.fr\/en\/nous-contacter\/\",\"name\":\"Contact us - Nuiton-Beaunoy - C\u00f4te de Beaune - C\u00f4te de Nuits\",\"isPartOf\":{\"@id\":\"https:\/\/nuiton-beaunoy.fr\/#website\"},\"datePublished\":\"2018-06-22T14:26:27+00:00\",\"dateModified\":\"2025-11-05T15:42:29+00:00\",\"description\":\"Caves des Hautes-C\u00f4tes, 97 route de pommard - 21200 Beaune - Le caveau est situ\u00e9 \u00e0 2 km de la sortie d'autoroute Beaune centre-Beaune Hospices.\",\"breadcrumb\":{\"@id\":\"https:\/\/nuiton-beaunoy.fr\/en\/nous-contacter\/#breadcrumb\"},\"inLanguage\":\"en-US\",\"potentialAction\":[{\"@type\":\"ReadAction\",\"target\":[\"https:\/\/nuiton-beaunoy.fr\/en\/nous-contacter\/\"]}]},{\"@type\":\"BreadcrumbList\",\"@id\":\"https:\/\/nuiton-beaunoy.fr\/en\/nous-contacter\/#breadcrumb\",\"itemListElement\":[{\"@type\":\"ListItem\",\"position\":1,\"name\":\"Accueil\",\"item\":\"https:\/\/nuiton-beaunoy.fr\/en\/\"},{\"@type\":\"ListItem\",\"position\":2,\"name\":\"Contact us\"}]},{\"@type\":\"WebSite\",\"@id\":\"https:\/\/nuiton-beaunoy.fr\/#website\",\"url\":\"https:\/\/nuiton-beaunoy.fr\/\",\"name\":\"Nuiton-Beaunoy\",\"description\":\"\",\"publisher\":{\"@id\":\"https:\/\/nuiton-beaunoy.fr\/#organization\"},\"potentialAction\":[{\"@type\":\"SearchAction\",\"target\":{\"@type\":\"EntryPoint\",\"urlTemplate\":\"https:\/\/nuiton-beaunoy.fr\/?s={search_term_string}\"},\"query-input\":\"required name=search_term_string\"}],\"inLanguage\":\"en-US\"},{\"@type\":\"Organization\",\"@id\":\"https:\/\/nuiton-beaunoy.fr\/#organization\",\"name\":\"Nuiton-Beaunoy\",\"url\":\"https:\/\/nuiton-beaunoy.fr\/\",\"logo\":{\"@type\":\"ImageObject\",\"inLanguage\":\"en-US\",\"@id\":\"https:\/\/nuiton-beaunoy.fr\/#\/schema\/logo\/image\/\",\"url\":\"https:\/\/nuiton-beaunoy.fr\/wp-content\/uploads\/2021\/02\/logo-nuiton-beaunoy.png\",\"contentUrl\":\"https:\/\/nuiton-beaunoy.fr\/wp-content\/uploads\/2021\/02\/logo-nuiton-beaunoy.png\",\"width\":1330,\"height\":435,\"caption\":\"Nuiton-Beaunoy\"},\"image\":{\"@id\":\"https:\/\/nuiton-beaunoy.fr\/#\/schema\/logo\/image\/\"},\"sameAs\":[\"https:\/\/www.facebook.com\/NuitonBeaunoy\",\"https:\/\/www.instagram.com\/nuiton_beaunoy\/\",\"https:\/\/www.linkedin.com\/company\/nuiton-beaunoy-cave-des-hautes-c\u00f4tes\/\"]}]}<\/script>\n<!-- \/ Yoast SEO plugin. -->","yoast_head_json":{"title":"Contact us - Nuiton-Beaunoy - C\u00f4te de Beaune - C\u00f4te de Nuits","description":"Caves des Hautes-C\u00f4tes, 97 route de pommard - 21200 Beaune - Le caveau est situ\u00e9 \u00e0 2 km de la sortie d'autoroute Beaune centre-Beaune Hospices.","robots":{"index":"index","follow":"follow","max-snippet":"max-snippet:-1","max-image-preview":"max-image-preview:large","max-video-preview":"max-video-preview:-1"},"canonical":"https:\/\/nuiton-beaunoy.fr\/en\/nous-contacter\/","og_locale":"en_US","og_type":"article","og_title":"Contact us - Nuiton-Beaunoy - C\u00f4te de Beaune - C\u00f4te de Nuits","og_description":"Caves des Hautes-C\u00f4tes, 97 route de pommard - 21200 Beaune - Le caveau est situ\u00e9 \u00e0 2 km de la sortie d'autoroute Beaune centre-Beaune Hospices.","og_url":"https:\/\/nuiton-beaunoy.fr\/en\/nous-contacter\/","og_site_name":"Nuiton-Beaunoy","article_publisher":"https:\/\/www.facebook.com\/NuitonBeaunoy","article_modified_time":"2025-11-05T15:42:29+00:00","og_image":[{"width":686,"height":458,"url":"https:\/\/nuiton-beaunoy.fr\/wp-content\/uploads\/2020\/11\/Contact-Le-Caveau-Nuiton-Beaunoy-9.jpg","type":"image\/jpeg"}],"twitter_card":"summary_large_image","twitter_misc":{"Est. reading time":"1 minute"},"schema":{"@context":"https:\/\/schema.org","@graph":[{"@type":"WebPage","@id":"https:\/\/nuiton-beaunoy.fr\/en\/nous-contacter\/","url":"https:\/\/nuiton-beaunoy.fr\/en\/nous-contacter\/","name":"Contact us - Nuiton-Beaunoy - C\u00f4te de Beaune - C\u00f4te de Nuits","isPartOf":{"@id":"https:\/\/nuiton-beaunoy.fr\/#website"},"datePublished":"2018-06-22T14:26:27+00:00","dateModified":"2025-11-05T15:42:29+00:00","description":"Caves des Hautes-C\u00f4tes, 97 route de pommard - 21200 Beaune - Le caveau est situ\u00e9 \u00e0 2 km de la sortie d'autoroute Beaune centre-Beaune Hospices.","breadcrumb":{"@id":"https:\/\/nuiton-beaunoy.fr\/en\/nous-contacter\/#breadcrumb"},"inLanguage":"en-US","potentialAction":[{"@type":"ReadAction","target":["https:\/\/nuiton-beaunoy.fr\/en\/nous-contacter\/"]}]},{"@type":"BreadcrumbList","@id":"https:\/\/nuiton-beaunoy.fr\/en\/nous-contacter\/#breadcrumb","itemListElement":[{"@type":"ListItem","position":1,"name":"Accueil","item":"https:\/\/nuiton-beaunoy.fr\/en\/"},{"@type":"ListItem","position":2,"name":"Contact us"}]},{"@type":"WebSite","@id":"https:\/\/nuiton-beaunoy.fr\/#website","url":"https:\/\/nuiton-beaunoy.fr\/","name":"Nuiton-Beaunoy","description":"","publisher":{"@id":"https:\/\/nuiton-beaunoy.fr\/#organization"},"potentialAction":[{"@type":"SearchAction","target":{"@type":"EntryPoint","urlTemplate":"https:\/\/nuiton-beaunoy.fr\/?s={search_term_string}"},"query-input":"required name=search_term_string"}],"inLanguage":"en-US"},{"@type":"Organization","@id":"https:\/\/nuiton-beaunoy.fr\/#organization","name":"Nuiton-Beaunoy","url":"https:\/\/nuiton-beaunoy.fr\/","logo":{"@type":"ImageObject","inLanguage":"en-US","@id":"https:\/\/nuiton-beaunoy.fr\/#\/schema\/logo\/image\/","url":"https:\/\/nuiton-beaunoy.fr\/wp-content\/uploads\/2021\/02\/logo-nuiton-beaunoy.png","contentUrl":"https:\/\/nuiton-beaunoy.fr\/wp-content\/uploads\/2021\/02\/logo-nuiton-beaunoy.png","width":1330,"height":435,"caption":"Nuiton-Beaunoy"},"image":{"@id":"https:\/\/nuiton-beaunoy.fr\/#\/schema\/logo\/image\/"},"sameAs":["https:\/\/www.facebook.com\/NuitonBeaunoy","https:\/\/www.instagram.com\/nuiton_beaunoy\/","https:\/\/www.linkedin.com\/company\/nuiton-beaunoy-cave-des-hautes-c\u00f4tes\/"]}]}},"_links":{"self":[{"href":"https:\/\/nuiton-beaunoy.fr\/en\/wp-json\/wp\/v2\/pages\/1627"}],"collection":[{"href":"https:\/\/nuiton-beaunoy.fr\/en\/wp-json\/wp\/v2\/pages"}],"about":[{"href":"https:\/\/nuiton-beaunoy.fr\/en\/wp-json\/wp\/v2\/types\/page"}],"author":[{"embeddable":true,"href":"https:\/\/nuiton-beaunoy.fr\/en\/wp-json\/wp\/v2\/users\/3"}],"replies":[{"embeddable":true,"href":"https:\/\/nuiton-beaunoy.fr\/en\/wp-json\/wp\/v2\/comments?post=1627"}],"version-history":[{"count":0,"href":"https:\/\/nuiton-beaunoy.fr\/en\/wp-json\/wp\/v2\/pages\/1627\/revisions"}],"wp:featuredmedia":[{"embeddable":true,"href":"https:\/\/nuiton-beaunoy.fr\/en\/wp-json\/wp\/v2\/media\/3152"}],"wp:attachment":[{"href":"https:\/\/nuiton-beaunoy.fr\/en\/wp-json\/wp\/v2\/media?parent=1627"}],"curies":[{"name":"wp","href":"https:\/\/api.w.org\/{rel}","templated":true}]}}