{"id":1629,"date":"2018-06-22T16:18:01","date_gmt":"2018-06-22T14:18:01","guid":{"rendered":"https:\/\/nuiton-beaunoy.fr\/oenotourisme\/"},"modified":"2019-07-05T09:27:35","modified_gmt":"2019-07-05T07:27:35","slug":"oenotourisme","status":"publish","type":"page","link":"https:\/\/nuiton-beaunoy.fr\/en\/oenotourisme\/","title":{"rendered":"Wine tourism"},"content":{"rendered":"<p>Hac ita persuasione reducti intra moenia bellatores obseratis undique portarum aditibus, propugnaculis insistebant et pinnis, congesta undique saxa telaque habentes in promptu, ut si quis se proripuisset interius, multitudine missilium sterneretur et lapidum.<\/p>\n<p>Inter quos Paulus eminebat notarius ortus in Hispania, glabro quidam sub vultu latens, odorandi vias periculorum occultas perquam sagax. is in Brittanniam missus ut militares quosdam perduceret ausos conspirasse Magnentio, cum reniti non possent, iussa licentius supergressus fluminis modo fortunis conplurium sese repentinus infudit et ferebatur per strages multiplices ac ruinas, vinculis membra ingenuorum adfligens et quosdam obterens manicis, crimina scilicet multa consarcinando a veritate longe discreta. unde admissum est facinus impium, quod Constanti tempus nota inusserat sempiterna.<\/p>\n<div class=\"woocommerce columns-4\"><ul class=\"products columns-4\">\n<li class=\"product-category product first\">\n\t<\/li>\n<li class=\"product-category product\">\n\t<\/li>\n<li class=\"product-category product\">\n\t<\/li>\n<li class=\"product-category product last\">\n\t<\/li>\n<li class=\"product-category product first\">\n\t<\/li>\n<li class=\"product-category product\">\n\t<\/li>\n<\/ul>\n<\/div>\n","protected":false},"excerpt":{"rendered":"<p>Hac ita persuasione reducti intra moenia bellatores obseratis undique portarum aditibus, propugnaculis insistebant et pinnis, congesta undique saxa telaque habentes in promptu, ut si quis se proripuisset interius, multitudine missilium sterneretur et lapidum. Inter quos Paulus eminebat notarius ortus in Hispania, glabro quidam sub vultu latens, odorandi vias periculorum occultas perquam sagax. is in Brittanniam [&#8230;]<\/p>\n<p><a class=\"btn btn-secondary understrap-read-more-link\" href=\"https:\/\/nuiton-beaunoy.fr\/en\/oenotourisme\/\">Read More&#8230;<span class=\"screen-reader-text\"> from Wine tourism<\/span><\/a><\/p>\n","protected":false},"author":3,"featured_media":0,"parent":0,"menu_order":0,"comment_status":"closed","ping_status":"closed","template":"page-oenotourisme.php","meta":[],"acf":[],"yoast_head":"<!-- This site is optimized with the Yoast SEO plugin v20.6 - https:\/\/yoast.com\/wordpress\/plugins\/seo\/ -->\n<title>Wine tourism - Nuiton-Beaunoy - C\u00f4te de Beaune - C\u00f4te de Nuits<\/title>\n<meta name=\"description\" content=\"Les Vignerons des des Hautes-C\u00f4tes vous proposent de d\u00e9couvrir les curiosit\u00e9s de la Bourgogne et les loisirs qui animeront votre d\u00e9couverte de la C\u00f4te d&#039;Or\" \/>\n<meta name=\"robots\" content=\"index, follow, max-snippet:-1, max-image-preview:large, max-video-preview:-1\" \/>\n<link rel=\"canonical\" href=\"https:\/\/nuiton-beaunoy.fr\/en\/oenotourisme\/\" \/>\n<meta property=\"og:locale\" content=\"en_US\" \/>\n<meta property=\"og:type\" content=\"article\" \/>\n<meta property=\"og:title\" content=\"Wine tourism - Nuiton-Beaunoy - C\u00f4te de Beaune - C\u00f4te de Nuits\" \/>\n<meta property=\"og:description\" content=\"Les Vignerons des des Hautes-C\u00f4tes vous proposent de d\u00e9couvrir les curiosit\u00e9s de la Bourgogne et les loisirs qui animeront votre d\u00e9couverte de la C\u00f4te d&#039;Or\" \/>\n<meta property=\"og:url\" content=\"https:\/\/nuiton-beaunoy.fr\/en\/oenotourisme\/\" \/>\n<meta property=\"og:site_name\" content=\"Nuiton-Beaunoy\" \/>\n<meta property=\"article:publisher\" content=\"https:\/\/www.facebook.com\/NuitonBeaunoy\" \/>\n<meta property=\"article:modified_time\" content=\"2019-07-05T07:27:35+00:00\" \/>\n<meta name=\"twitter:card\" content=\"summary_large_image\" \/>\n<meta name=\"twitter:label1\" content=\"Est. reading time\" \/>\n\t<meta name=\"twitter:data1\" content=\"1 minute\" \/>\n<script type=\"application\/ld+json\" class=\"yoast-schema-graph\">{\"@context\":\"https:\/\/schema.org\",\"@graph\":[{\"@type\":\"WebPage\",\"@id\":\"https:\/\/nuiton-beaunoy.fr\/en\/oenotourisme\/\",\"url\":\"https:\/\/nuiton-beaunoy.fr\/en\/oenotourisme\/\",\"name\":\"Wine tourism - Nuiton-Beaunoy - C\u00f4te de Beaune - C\u00f4te de Nuits\",\"isPartOf\":{\"@id\":\"https:\/\/nuiton-beaunoy.fr\/#website\"},\"datePublished\":\"2018-06-22T14:18:01+00:00\",\"dateModified\":\"2019-07-05T07:27:35+00:00\",\"description\":\"Les Vignerons des des Hautes-C\u00f4tes vous proposent de d\u00e9couvrir les curiosit\u00e9s de la Bourgogne et les loisirs qui animeront votre d\u00e9couverte de la C\u00f4te d'Or\",\"breadcrumb\":{\"@id\":\"https:\/\/nuiton-beaunoy.fr\/en\/oenotourisme\/#breadcrumb\"},\"inLanguage\":\"en-US\",\"potentialAction\":[{\"@type\":\"ReadAction\",\"target\":[\"https:\/\/nuiton-beaunoy.fr\/en\/oenotourisme\/\"]}]},{\"@type\":\"BreadcrumbList\",\"@id\":\"https:\/\/nuiton-beaunoy.fr\/en\/oenotourisme\/#breadcrumb\",\"itemListElement\":[{\"@type\":\"ListItem\",\"position\":1,\"name\":\"Accueil\",\"item\":\"https:\/\/nuiton-beaunoy.fr\/en\/\"},{\"@type\":\"ListItem\",\"position\":2,\"name\":\"Wine tourism\"}]},{\"@type\":\"WebSite\",\"@id\":\"https:\/\/nuiton-beaunoy.fr\/#website\",\"url\":\"https:\/\/nuiton-beaunoy.fr\/\",\"name\":\"Nuiton-Beaunoy\",\"description\":\"\",\"publisher\":{\"@id\":\"https:\/\/nuiton-beaunoy.fr\/#organization\"},\"potentialAction\":[{\"@type\":\"SearchAction\",\"target\":{\"@type\":\"EntryPoint\",\"urlTemplate\":\"https:\/\/nuiton-beaunoy.fr\/?s={search_term_string}\"},\"query-input\":\"required name=search_term_string\"}],\"inLanguage\":\"en-US\"},{\"@type\":\"Organization\",\"@id\":\"https:\/\/nuiton-beaunoy.fr\/#organization\",\"name\":\"Nuiton-Beaunoy\",\"url\":\"https:\/\/nuiton-beaunoy.fr\/\",\"logo\":{\"@type\":\"ImageObject\",\"inLanguage\":\"en-US\",\"@id\":\"https:\/\/nuiton-beaunoy.fr\/#\/schema\/logo\/image\/\",\"url\":\"https:\/\/nuiton-beaunoy.fr\/wp-content\/uploads\/2021\/02\/logo-nuiton-beaunoy.png\",\"contentUrl\":\"https:\/\/nuiton-beaunoy.fr\/wp-content\/uploads\/2021\/02\/logo-nuiton-beaunoy.png\",\"width\":1330,\"height\":435,\"caption\":\"Nuiton-Beaunoy\"},\"image\":{\"@id\":\"https:\/\/nuiton-beaunoy.fr\/#\/schema\/logo\/image\/\"},\"sameAs\":[\"https:\/\/www.facebook.com\/NuitonBeaunoy\",\"https:\/\/www.instagram.com\/nuiton_beaunoy\/\",\"https:\/\/www.linkedin.com\/company\/nuiton-beaunoy-cave-des-hautes-c\u00f4tes\/\"]}]}<\/script>\n<!-- \/ Yoast SEO plugin. -->","yoast_head_json":{"title":"Wine tourism - Nuiton-Beaunoy - C\u00f4te de Beaune - C\u00f4te de Nuits","description":"Les Vignerons des des Hautes-C\u00f4tes vous proposent de d\u00e9couvrir les curiosit\u00e9s de la Bourgogne et les loisirs qui animeront votre d\u00e9couverte de la C\u00f4te d'Or","robots":{"index":"index","follow":"follow","max-snippet":"max-snippet:-1","max-image-preview":"max-image-preview:large","max-video-preview":"max-video-preview:-1"},"canonical":"https:\/\/nuiton-beaunoy.fr\/en\/oenotourisme\/","og_locale":"en_US","og_type":"article","og_title":"Wine tourism - Nuiton-Beaunoy - C\u00f4te de Beaune - C\u00f4te de Nuits","og_description":"Les Vignerons des des Hautes-C\u00f4tes vous proposent de d\u00e9couvrir les curiosit\u00e9s de la Bourgogne et les loisirs qui animeront votre d\u00e9couverte de la C\u00f4te d'Or","og_url":"https:\/\/nuiton-beaunoy.fr\/en\/oenotourisme\/","og_site_name":"Nuiton-Beaunoy","article_publisher":"https:\/\/www.facebook.com\/NuitonBeaunoy","article_modified_time":"2019-07-05T07:27:35+00:00","twitter_card":"summary_large_image","twitter_misc":{"Est. reading time":"1 minute"},"schema":{"@context":"https:\/\/schema.org","@graph":[{"@type":"WebPage","@id":"https:\/\/nuiton-beaunoy.fr\/en\/oenotourisme\/","url":"https:\/\/nuiton-beaunoy.fr\/en\/oenotourisme\/","name":"Wine tourism - Nuiton-Beaunoy - C\u00f4te de Beaune - C\u00f4te de Nuits","isPartOf":{"@id":"https:\/\/nuiton-beaunoy.fr\/#website"},"datePublished":"2018-06-22T14:18:01+00:00","dateModified":"2019-07-05T07:27:35+00:00","description":"Les Vignerons des des Hautes-C\u00f4tes vous proposent de d\u00e9couvrir les curiosit\u00e9s de la Bourgogne et les loisirs qui animeront votre d\u00e9couverte de la C\u00f4te d'Or","breadcrumb":{"@id":"https:\/\/nuiton-beaunoy.fr\/en\/oenotourisme\/#breadcrumb"},"inLanguage":"en-US","potentialAction":[{"@type":"ReadAction","target":["https:\/\/nuiton-beaunoy.fr\/en\/oenotourisme\/"]}]},{"@type":"BreadcrumbList","@id":"https:\/\/nuiton-beaunoy.fr\/en\/oenotourisme\/#breadcrumb","itemListElement":[{"@type":"ListItem","position":1,"name":"Accueil","item":"https:\/\/nuiton-beaunoy.fr\/en\/"},{"@type":"ListItem","position":2,"name":"Wine tourism"}]},{"@type":"WebSite","@id":"https:\/\/nuiton-beaunoy.fr\/#website","url":"https:\/\/nuiton-beaunoy.fr\/","name":"Nuiton-Beaunoy","description":"","publisher":{"@id":"https:\/\/nuiton-beaunoy.fr\/#organization"},"potentialAction":[{"@type":"SearchAction","target":{"@type":"EntryPoint","urlTemplate":"https:\/\/nuiton-beaunoy.fr\/?s={search_term_string}"},"query-input":"required name=search_term_string"}],"inLanguage":"en-US"},{"@type":"Organization","@id":"https:\/\/nuiton-beaunoy.fr\/#organization","name":"Nuiton-Beaunoy","url":"https:\/\/nuiton-beaunoy.fr\/","logo":{"@type":"ImageObject","inLanguage":"en-US","@id":"https:\/\/nuiton-beaunoy.fr\/#\/schema\/logo\/image\/","url":"https:\/\/nuiton-beaunoy.fr\/wp-content\/uploads\/2021\/02\/logo-nuiton-beaunoy.png","contentUrl":"https:\/\/nuiton-beaunoy.fr\/wp-content\/uploads\/2021\/02\/logo-nuiton-beaunoy.png","width":1330,"height":435,"caption":"Nuiton-Beaunoy"},"image":{"@id":"https:\/\/nuiton-beaunoy.fr\/#\/schema\/logo\/image\/"},"sameAs":["https:\/\/www.facebook.com\/NuitonBeaunoy","https:\/\/www.instagram.com\/nuiton_beaunoy\/","https:\/\/www.linkedin.com\/company\/nuiton-beaunoy-cave-des-hautes-c\u00f4tes\/"]}]}},"_links":{"self":[{"href":"https:\/\/nuiton-beaunoy.fr\/en\/wp-json\/wp\/v2\/pages\/1629"}],"collection":[{"href":"https:\/\/nuiton-beaunoy.fr\/en\/wp-json\/wp\/v2\/pages"}],"about":[{"href":"https:\/\/nuiton-beaunoy.fr\/en\/wp-json\/wp\/v2\/types\/page"}],"author":[{"embeddable":true,"href":"https:\/\/nuiton-beaunoy.fr\/en\/wp-json\/wp\/v2\/users\/3"}],"replies":[{"embeddable":true,"href":"https:\/\/nuiton-beaunoy.fr\/en\/wp-json\/wp\/v2\/comments?post=1629"}],"version-history":[{"count":0,"href":"https:\/\/nuiton-beaunoy.fr\/en\/wp-json\/wp\/v2\/pages\/1629\/revisions"}],"wp:attachment":[{"href":"https:\/\/nuiton-beaunoy.fr\/en\/wp-json\/wp\/v2\/media?parent=1629"}],"curies":[{"name":"wp","href":"https:\/\/api.w.org\/{rel}","templated":true}]}}