{"id":3504,"date":"2021-02-26T14:29:05","date_gmt":"2021-02-26T13:29:05","guid":{"rendered":"https:\/\/nuiton-beaunoy.fr\/?post_type=product&#038;p=3504"},"modified":"2021-02-26T15:45:22","modified_gmt":"2021-02-26T14:45:22","slug":"cremant-de-bourgogne-victorine-de-chastenay","status":"publish","type":"product","link":"https:\/\/nuiton-beaunoy.fr\/en\/produit\/cremant-de-bourgogne-victorine-de-chastenay\/","title":{"rendered":"Cr\u00e9mant de Bourgogne Vignerons Associ\u00e9s"},"content":{"rendered":"","protected":false},"excerpt":{"rendered":"<p> [&#8230;]<\/p>\n<p><a class=\"btn btn-secondary understrap-read-more-link\" href=\"https:\/\/nuiton-beaunoy.fr\/en\/produit\/cremant-de-bourgogne-victorine-de-chastenay\/\">Read More&#8230;<span class=\"screen-reader-text\"> from Cr\u00e9mant de Bourgogne Vignerons Associ\u00e9s<\/span><\/a><\/p>\n","protected":false},"featured_media":3471,"template":"","meta":[],"product_cat":[98],"product_tag":[61],"acf":[],"yoast_head":"<!-- This site is optimized with the Yoast SEO plugin v20.6 - https:\/\/yoast.com\/wordpress\/plugins\/seo\/ -->\n<title>Nuiton-Beaunoy - Cr\u00e9mant de Bourgogne Vignerons Associ\u00e9s<\/title>\n<meta name=\"description\" content=\"D\u00e9couvrez les vins Nuiton-Beaunoy, cave coop\u00e9rative \u00e0 Beaune : Hautes C\u00f4tes de Beaune, Hautes C\u00f4tes de Nuit et grands vins de Bourgogne.\" \/>\n<meta name=\"robots\" content=\"index, follow, max-snippet:-1, max-image-preview:large, max-video-preview:-1\" \/>\n<link rel=\"canonical\" href=\"https:\/\/nuiton-beaunoy.fr\/en\/produit\/cremant-de-bourgogne-victorine-de-chastenay\/\" \/>\n<meta property=\"og:locale\" content=\"en_US\" \/>\n<meta property=\"og:type\" content=\"article\" \/>\n<meta property=\"og:title\" content=\"Nuiton-Beaunoy - Cr\u00e9mant de Bourgogne Vignerons Associ\u00e9s\" \/>\n<meta property=\"og:description\" content=\"D\u00e9couvrez les vins Nuiton-Beaunoy, cave coop\u00e9rative \u00e0 Beaune : Hautes C\u00f4tes de Beaune, Hautes C\u00f4tes de Nuit et grands vins de Bourgogne.\" \/>\n<meta property=\"og:url\" content=\"https:\/\/nuiton-beaunoy.fr\/en\/produit\/cremant-de-bourgogne-victorine-de-chastenay\/\" \/>\n<meta property=\"og:site_name\" content=\"Nuiton-Beaunoy\" \/>\n<meta property=\"article:publisher\" content=\"https:\/\/www.facebook.com\/NuitonBeaunoy\" \/>\n<meta property=\"article:modified_time\" content=\"2021-02-26T14:45:22+00:00\" \/>\n<meta property=\"og:image\" content=\"https:\/\/nuiton-beaunoy.fr\/wp-content\/uploads\/2020\/04\/Cremant-Bourgogne-Brut.png\" \/>\n\t<meta property=\"og:image:width\" content=\"425\" \/>\n\t<meta property=\"og:image:height\" content=\"1399\" \/>\n\t<meta property=\"og:image:type\" content=\"image\/png\" \/>\n<meta name=\"twitter:card\" content=\"summary_large_image\" \/>\n<script type=\"application\/ld+json\" class=\"yoast-schema-graph\">{\"@context\":\"https:\/\/schema.org\",\"@graph\":[{\"@type\":\"WebPage\",\"@id\":\"https:\/\/nuiton-beaunoy.fr\/en\/produit\/cremant-de-bourgogne-victorine-de-chastenay\/\",\"url\":\"https:\/\/nuiton-beaunoy.fr\/en\/produit\/cremant-de-bourgogne-victorine-de-chastenay\/\",\"name\":\"Nuiton-Beaunoy - Cr\u00e9mant de Bourgogne Vignerons Associ\u00e9s\",\"isPartOf\":{\"@id\":\"https:\/\/nuiton-beaunoy.fr\/#website\"},\"datePublished\":\"2021-02-26T13:29:05+00:00\",\"dateModified\":\"2021-02-26T14:45:22+00:00\",\"description\":\"D\u00e9couvrez les vins Nuiton-Beaunoy, cave coop\u00e9rative \u00e0 Beaune : Hautes C\u00f4tes de Beaune, Hautes C\u00f4tes de Nuit et grands vins de Bourgogne.\",\"breadcrumb\":{\"@id\":\"https:\/\/nuiton-beaunoy.fr\/en\/produit\/cremant-de-bourgogne-victorine-de-chastenay\/#breadcrumb\"},\"inLanguage\":\"en-US\",\"potentialAction\":[{\"@type\":\"ReadAction\",\"target\":[\"https:\/\/nuiton-beaunoy.fr\/en\/produit\/cremant-de-bourgogne-victorine-de-chastenay\/\"]}]},{\"@type\":\"BreadcrumbList\",\"@id\":\"https:\/\/nuiton-beaunoy.fr\/en\/produit\/cremant-de-bourgogne-victorine-de-chastenay\/#breadcrumb\",\"itemListElement\":[{\"@type\":\"ListItem\",\"position\":1,\"name\":\"Accueil\",\"item\":\"https:\/\/nuiton-beaunoy.fr\/en\/\"},{\"@type\":\"ListItem\",\"position\":2,\"name\":\"Nos vins OLD\",\"item\":\"https:\/\/nuiton-beaunoy.fr\/en\/nos-vins-old\/\"},{\"@type\":\"ListItem\",\"position\":3,\"name\":\"Cr\u00e9mant de Bourgogne Vignerons Associ\u00e9s\"}]},{\"@type\":\"WebSite\",\"@id\":\"https:\/\/nuiton-beaunoy.fr\/#website\",\"url\":\"https:\/\/nuiton-beaunoy.fr\/\",\"name\":\"Nuiton-Beaunoy\",\"description\":\"\",\"publisher\":{\"@id\":\"https:\/\/nuiton-beaunoy.fr\/#organization\"},\"potentialAction\":[{\"@type\":\"SearchAction\",\"target\":{\"@type\":\"EntryPoint\",\"urlTemplate\":\"https:\/\/nuiton-beaunoy.fr\/?s={search_term_string}\"},\"query-input\":\"required name=search_term_string\"}],\"inLanguage\":\"en-US\"},{\"@type\":\"Organization\",\"@id\":\"https:\/\/nuiton-beaunoy.fr\/#organization\",\"name\":\"Nuiton-Beaunoy\",\"url\":\"https:\/\/nuiton-beaunoy.fr\/\",\"logo\":{\"@type\":\"ImageObject\",\"inLanguage\":\"en-US\",\"@id\":\"https:\/\/nuiton-beaunoy.fr\/#\/schema\/logo\/image\/\",\"url\":\"https:\/\/nuiton-beaunoy.fr\/wp-content\/uploads\/2021\/02\/logo-nuiton-beaunoy.png\",\"contentUrl\":\"https:\/\/nuiton-beaunoy.fr\/wp-content\/uploads\/2021\/02\/logo-nuiton-beaunoy.png\",\"width\":1330,\"height\":435,\"caption\":\"Nuiton-Beaunoy\"},\"image\":{\"@id\":\"https:\/\/nuiton-beaunoy.fr\/#\/schema\/logo\/image\/\"},\"sameAs\":[\"https:\/\/www.facebook.com\/NuitonBeaunoy\",\"https:\/\/www.instagram.com\/nuiton_beaunoy\/\",\"https:\/\/www.linkedin.com\/company\/nuiton-beaunoy-cave-des-hautes-c\u00f4tes\/\"]}]}<\/script>\n<!-- \/ Yoast SEO plugin. -->","yoast_head_json":{"title":"Nuiton-Beaunoy - Cr\u00e9mant de Bourgogne Vignerons Associ\u00e9s","description":"D\u00e9couvrez les vins Nuiton-Beaunoy, cave coop\u00e9rative \u00e0 Beaune : Hautes C\u00f4tes de Beaune, Hautes C\u00f4tes de Nuit et grands vins de Bourgogne.","robots":{"index":"index","follow":"follow","max-snippet":"max-snippet:-1","max-image-preview":"max-image-preview:large","max-video-preview":"max-video-preview:-1"},"canonical":"https:\/\/nuiton-beaunoy.fr\/en\/produit\/cremant-de-bourgogne-victorine-de-chastenay\/","og_locale":"en_US","og_type":"article","og_title":"Nuiton-Beaunoy - Cr\u00e9mant de Bourgogne Vignerons Associ\u00e9s","og_description":"D\u00e9couvrez les vins Nuiton-Beaunoy, cave coop\u00e9rative \u00e0 Beaune : Hautes C\u00f4tes de Beaune, Hautes C\u00f4tes de Nuit et grands vins de Bourgogne.","og_url":"https:\/\/nuiton-beaunoy.fr\/en\/produit\/cremant-de-bourgogne-victorine-de-chastenay\/","og_site_name":"Nuiton-Beaunoy","article_publisher":"https:\/\/www.facebook.com\/NuitonBeaunoy","article_modified_time":"2021-02-26T14:45:22+00:00","og_image":[{"width":425,"height":1399,"url":"https:\/\/nuiton-beaunoy.fr\/wp-content\/uploads\/2020\/04\/Cremant-Bourgogne-Brut.png","type":"image\/png"}],"twitter_card":"summary_large_image","schema":{"@context":"https:\/\/schema.org","@graph":[{"@type":"WebPage","@id":"https:\/\/nuiton-beaunoy.fr\/en\/produit\/cremant-de-bourgogne-victorine-de-chastenay\/","url":"https:\/\/nuiton-beaunoy.fr\/en\/produit\/cremant-de-bourgogne-victorine-de-chastenay\/","name":"Nuiton-Beaunoy - Cr\u00e9mant de Bourgogne Vignerons Associ\u00e9s","isPartOf":{"@id":"https:\/\/nuiton-beaunoy.fr\/#website"},"datePublished":"2021-02-26T13:29:05+00:00","dateModified":"2021-02-26T14:45:22+00:00","description":"D\u00e9couvrez les vins Nuiton-Beaunoy, cave coop\u00e9rative \u00e0 Beaune : Hautes C\u00f4tes de Beaune, Hautes C\u00f4tes de Nuit et grands vins de Bourgogne.","breadcrumb":{"@id":"https:\/\/nuiton-beaunoy.fr\/en\/produit\/cremant-de-bourgogne-victorine-de-chastenay\/#breadcrumb"},"inLanguage":"en-US","potentialAction":[{"@type":"ReadAction","target":["https:\/\/nuiton-beaunoy.fr\/en\/produit\/cremant-de-bourgogne-victorine-de-chastenay\/"]}]},{"@type":"BreadcrumbList","@id":"https:\/\/nuiton-beaunoy.fr\/en\/produit\/cremant-de-bourgogne-victorine-de-chastenay\/#breadcrumb","itemListElement":[{"@type":"ListItem","position":1,"name":"Accueil","item":"https:\/\/nuiton-beaunoy.fr\/en\/"},{"@type":"ListItem","position":2,"name":"Nos vins OLD","item":"https:\/\/nuiton-beaunoy.fr\/en\/nos-vins-old\/"},{"@type":"ListItem","position":3,"name":"Cr\u00e9mant de Bourgogne Vignerons Associ\u00e9s"}]},{"@type":"WebSite","@id":"https:\/\/nuiton-beaunoy.fr\/#website","url":"https:\/\/nuiton-beaunoy.fr\/","name":"Nuiton-Beaunoy","description":"","publisher":{"@id":"https:\/\/nuiton-beaunoy.fr\/#organization"},"potentialAction":[{"@type":"SearchAction","target":{"@type":"EntryPoint","urlTemplate":"https:\/\/nuiton-beaunoy.fr\/?s={search_term_string}"},"query-input":"required name=search_term_string"}],"inLanguage":"en-US"},{"@type":"Organization","@id":"https:\/\/nuiton-beaunoy.fr\/#organization","name":"Nuiton-Beaunoy","url":"https:\/\/nuiton-beaunoy.fr\/","logo":{"@type":"ImageObject","inLanguage":"en-US","@id":"https:\/\/nuiton-beaunoy.fr\/#\/schema\/logo\/image\/","url":"https:\/\/nuiton-beaunoy.fr\/wp-content\/uploads\/2021\/02\/logo-nuiton-beaunoy.png","contentUrl":"https:\/\/nuiton-beaunoy.fr\/wp-content\/uploads\/2021\/02\/logo-nuiton-beaunoy.png","width":1330,"height":435,"caption":"Nuiton-Beaunoy"},"image":{"@id":"https:\/\/nuiton-beaunoy.fr\/#\/schema\/logo\/image\/"},"sameAs":["https:\/\/www.facebook.com\/NuitonBeaunoy","https:\/\/www.instagram.com\/nuiton_beaunoy\/","https:\/\/www.linkedin.com\/company\/nuiton-beaunoy-cave-des-hautes-c\u00f4tes\/"]}]}},"_links":{"self":[{"href":"https:\/\/nuiton-beaunoy.fr\/en\/wp-json\/wp\/v2\/product\/3504"}],"collection":[{"href":"https:\/\/nuiton-beaunoy.fr\/en\/wp-json\/wp\/v2\/product"}],"about":[{"href":"https:\/\/nuiton-beaunoy.fr\/en\/wp-json\/wp\/v2\/types\/product"}],"wp:featuredmedia":[{"embeddable":true,"href":"https:\/\/nuiton-beaunoy.fr\/en\/wp-json\/wp\/v2\/media\/3471"}],"wp:attachment":[{"href":"https:\/\/nuiton-beaunoy.fr\/en\/wp-json\/wp\/v2\/media?parent=3504"}],"wp:term":[{"taxonomy":"product_cat","embeddable":true,"href":"https:\/\/nuiton-beaunoy.fr\/en\/wp-json\/wp\/v2\/product_cat?post=3504"},{"taxonomy":"product_tag","embeddable":true,"href":"https:\/\/nuiton-beaunoy.fr\/en\/wp-json\/wp\/v2\/product_tag?post=3504"}],"curies":[{"name":"wp","href":"https:\/\/api.w.org\/{rel}","templated":true}]}}